{"id":19145,"date":"2026-01-03T06:11:18","date_gmt":"2026-01-03T04:11:18","guid":{"rendered":"https:\/\/perfumehouse.net\/?post_type=product&#038;p=19145"},"modified":"2026-01-03T06:11:18","modified_gmt":"2026-01-03T04:11:18","slug":"guerlain-lhomme-ideal-lintense","status":"publish","type":"product","link":"https:\/\/perfumehouse.net\/ar\/product\/guerlain-lhomme-ideal-lintense\/","title":{"rendered":"Guerlain L&#8217;Homme Id\u00e9al L&#8217;Intense"},"content":{"rendered":"<p><strong>L&#8217;Homme Id\u00e9al L&#8217;Intense by Guerlain is a Amber Woody fragrance for men. L&#8217;Homme Id\u00e9al L&#8217;Intense was launched in 2018. The nose behind this fragrance is Thierry Wasser. Top notes are Almond, Chili Pepper and Cardamom; middle notes are Leather, Bulgarian Rose and Labdanum; base notes are Smoke, Tonka Bean, Vanilla, Sandalwood and Patchouli.<\/strong><\/p>","protected":false},"excerpt":{"rendered":"<p>ml:\u00a0<span class=\"option-label\" data-option-label=\"\" data-label-position=\"1\">100<\/span><\/p>","protected":false},"featured_media":19146,"comment_status":"open","ping_status":"closed","template":"","meta":[],"product_brand":[],"product_cat":[94],"product_tag":[],"class_list":{"0":"post-19145","1":"product","2":"type-product","3":"status-publish","4":"has-post-thumbnail","6":"product_cat-men","8":"first","9":"instock","10":"taxable","11":"shipping-taxable","12":"purchasable","13":"product-type-simple"},"jetpack_sharing_enabled":true,"_links":{"self":[{"href":"https:\/\/perfumehouse.net\/ar\/wp-json\/wp\/v2\/product\/19145","targetHints":{"allow":["GET"]}}],"collection":[{"href":"https:\/\/perfumehouse.net\/ar\/wp-json\/wp\/v2\/product"}],"about":[{"href":"https:\/\/perfumehouse.net\/ar\/wp-json\/wp\/v2\/types\/product"}],"replies":[{"embeddable":true,"href":"https:\/\/perfumehouse.net\/ar\/wp-json\/wp\/v2\/comments?post=19145"}],"version-history":[{"count":1,"href":"https:\/\/perfumehouse.net\/ar\/wp-json\/wp\/v2\/product\/19145\/revisions"}],"predecessor-version":[{"id":19147,"href":"https:\/\/perfumehouse.net\/ar\/wp-json\/wp\/v2\/product\/19145\/revisions\/19147"}],"wp:featuredmedia":[{"embeddable":true,"href":"https:\/\/perfumehouse.net\/ar\/wp-json\/wp\/v2\/media\/19146"}],"wp:attachment":[{"href":"https:\/\/perfumehouse.net\/ar\/wp-json\/wp\/v2\/media?parent=19145"}],"wp:term":[{"taxonomy":"product_brand","embeddable":true,"href":"https:\/\/perfumehouse.net\/ar\/wp-json\/wp\/v2\/product_brand?post=19145"},{"taxonomy":"product_cat","embeddable":true,"href":"https:\/\/perfumehouse.net\/ar\/wp-json\/wp\/v2\/product_cat?post=19145"},{"taxonomy":"product_tag","embeddable":true,"href":"https:\/\/perfumehouse.net\/ar\/wp-json\/wp\/v2\/product_tag?post=19145"}],"curies":[{"name":"wp","href":"https:\/\/api.w.org\/{rel}","templated":true}]}}