{"id":19077,"date":"2026-01-03T05:14:17","date_gmt":"2026-01-03T03:14:17","guid":{"rendered":"https:\/\/perfumehouse.net\/?post_type=product&#038;p=19077"},"modified":"2026-01-03T05:14:17","modified_gmt":"2026-01-03T03:14:17","slug":"van-cleef-arpels-ambre-imperial","status":"publish","type":"product","link":"https:\/\/perfumehouse.net\/ar\/product\/van-cleef-arpels-ambre-imperial\/","title":{"rendered":"Van Cleef &#038; Arpels Ambre Imp\u00e9rial"},"content":{"rendered":"<p><strong>Ambre Imp\u00e9rial by Van Cleef &amp; Arpels is a Amber Spicy fragrance for women and men. Ambre Imp\u00e9rial was launched in 2015. The nose behind this fragrance is Quentin Bisch. Top notes are Pink Pepper and Bergamot; middle notes are Amber, Tonka Bean, Vanilla and Benzoin; base note is Woodsy Notes.<\/strong><\/p>","protected":false},"excerpt":{"rendered":"<p>ml:\u00a0<span class=\"option-label\" data-option-label=\"\" data-label-position=\"1\">100<\/span><\/p>","protected":false},"featured_media":19078,"comment_status":"open","ping_status":"closed","template":"","meta":[],"product_brand":[],"product_cat":[94],"product_tag":[],"class_list":{"0":"post-19077","1":"product","2":"type-product","3":"status-publish","4":"has-post-thumbnail","6":"product_cat-men","8":"first","9":"instock","10":"taxable","11":"shipping-taxable","12":"purchasable","13":"product-type-simple"},"jetpack_sharing_enabled":true,"_links":{"self":[{"href":"https:\/\/perfumehouse.net\/ar\/wp-json\/wp\/v2\/product\/19077","targetHints":{"allow":["GET"]}}],"collection":[{"href":"https:\/\/perfumehouse.net\/ar\/wp-json\/wp\/v2\/product"}],"about":[{"href":"https:\/\/perfumehouse.net\/ar\/wp-json\/wp\/v2\/types\/product"}],"replies":[{"embeddable":true,"href":"https:\/\/perfumehouse.net\/ar\/wp-json\/wp\/v2\/comments?post=19077"}],"version-history":[{"count":1,"href":"https:\/\/perfumehouse.net\/ar\/wp-json\/wp\/v2\/product\/19077\/revisions"}],"predecessor-version":[{"id":19079,"href":"https:\/\/perfumehouse.net\/ar\/wp-json\/wp\/v2\/product\/19077\/revisions\/19079"}],"wp:featuredmedia":[{"embeddable":true,"href":"https:\/\/perfumehouse.net\/ar\/wp-json\/wp\/v2\/media\/19078"}],"wp:attachment":[{"href":"https:\/\/perfumehouse.net\/ar\/wp-json\/wp\/v2\/media?parent=19077"}],"wp:term":[{"taxonomy":"product_brand","embeddable":true,"href":"https:\/\/perfumehouse.net\/ar\/wp-json\/wp\/v2\/product_brand?post=19077"},{"taxonomy":"product_cat","embeddable":true,"href":"https:\/\/perfumehouse.net\/ar\/wp-json\/wp\/v2\/product_cat?post=19077"},{"taxonomy":"product_tag","embeddable":true,"href":"https:\/\/perfumehouse.net\/ar\/wp-json\/wp\/v2\/product_tag?post=19077"}],"curies":[{"name":"wp","href":"https:\/\/api.w.org\/{rel}","templated":true}]}}