{"id":19073,"date":"2026-01-03T05:05:54","date_gmt":"2026-01-03T03:05:54","guid":{"rendered":"https:\/\/perfumehouse.net\/?post_type=product&#038;p=19073"},"modified":"2026-01-03T05:05:55","modified_gmt":"2026-01-03T03:05:55","slug":"terre-dhermes","status":"publish","type":"product","link":"https:\/\/perfumehouse.net\/ar\/product\/terre-dhermes\/","title":{"rendered":"Terre d&#8217;Herm\u00e8s"},"content":{"rendered":"<p><strong>Terre d&#8217;Herm\u00e8s by Herm\u00e8s is a Woody Spicy fragrance for men. Terre d&#8217;Herm\u00e8s was launched in 2006. The nose behind this fragrance is Jean-Claude Ellena. Top notes are Orange and Grapefruit; middle notes are Pepper, Pelargonium and Flint; base notes are Vetiver, Cedar, Patchouli and Benzoin. This perfume is the winner of award FiFi Award Fragrance Of The Year Men`s Luxe 2007.<\/strong><\/p>","protected":false},"excerpt":{"rendered":"<p>ml:\u00a0<span class=\"option-label\" data-option-label=\"\" data-label-position=\"1\">100<\/span><\/p>","protected":false},"featured_media":19074,"comment_status":"open","ping_status":"closed","template":"","meta":[],"product_brand":[],"product_cat":[94],"product_tag":[],"class_list":{"0":"post-19073","1":"product","2":"type-product","3":"status-publish","4":"has-post-thumbnail","6":"product_cat-men","8":"first","9":"instock","10":"taxable","11":"shipping-taxable","12":"purchasable","13":"product-type-simple"},"jetpack_sharing_enabled":true,"_links":{"self":[{"href":"https:\/\/perfumehouse.net\/ar\/wp-json\/wp\/v2\/product\/19073","targetHints":{"allow":["GET"]}}],"collection":[{"href":"https:\/\/perfumehouse.net\/ar\/wp-json\/wp\/v2\/product"}],"about":[{"href":"https:\/\/perfumehouse.net\/ar\/wp-json\/wp\/v2\/types\/product"}],"replies":[{"embeddable":true,"href":"https:\/\/perfumehouse.net\/ar\/wp-json\/wp\/v2\/comments?post=19073"}],"version-history":[{"count":1,"href":"https:\/\/perfumehouse.net\/ar\/wp-json\/wp\/v2\/product\/19073\/revisions"}],"predecessor-version":[{"id":19075,"href":"https:\/\/perfumehouse.net\/ar\/wp-json\/wp\/v2\/product\/19073\/revisions\/19075"}],"wp:featuredmedia":[{"embeddable":true,"href":"https:\/\/perfumehouse.net\/ar\/wp-json\/wp\/v2\/media\/19074"}],"wp:attachment":[{"href":"https:\/\/perfumehouse.net\/ar\/wp-json\/wp\/v2\/media?parent=19073"}],"wp:term":[{"taxonomy":"product_brand","embeddable":true,"href":"https:\/\/perfumehouse.net\/ar\/wp-json\/wp\/v2\/product_brand?post=19073"},{"taxonomy":"product_cat","embeddable":true,"href":"https:\/\/perfumehouse.net\/ar\/wp-json\/wp\/v2\/product_cat?post=19073"},{"taxonomy":"product_tag","embeddable":true,"href":"https:\/\/perfumehouse.net\/ar\/wp-json\/wp\/v2\/product_tag?post=19073"}],"curies":[{"name":"wp","href":"https:\/\/api.w.org\/{rel}","templated":true}]}}