{"id":18982,"date":"2026-01-02T20:08:47","date_gmt":"2026-01-02T18:08:47","guid":{"rendered":"https:\/\/perfumehouse.net\/?post_type=product&#038;p=18982"},"modified":"2026-01-02T20:08:48","modified_gmt":"2026-01-02T18:08:48","slug":"burberry-her-elixir-de-parfum","status":"publish","type":"product","link":"https:\/\/perfumehouse.net\/ar\/product\/burberry-her-elixir-de-parfum\/","title":{"rendered":"Burberry Her Elixir de Parfum"},"content":{"rendered":"<p><strong>Burberry Her Elixir de Parfum by Burberry is a fragrance for women. This is a new fragrance. Burberry Her Elixir de Parfum was launched in 2022. Burberry Her Elixir de Parfum was created by J\u00e9r\u00f4me di Marino and Ma\u00efa Lernout. Top notes are Strawberry and Blackberry; middle note is Jasmine; base notes are Vanilla, Amber and Sandalwood.<\/strong><\/p>","protected":false},"excerpt":{"rendered":"<p>ML:\u00a0<span class=\"option-label\" data-option-label=\"\" data-label-position=\"1\">100<\/span><\/p>","protected":false},"featured_media":18984,"comment_status":"open","ping_status":"closed","template":"","meta":[],"product_brand":[],"product_cat":[95],"product_tag":[],"class_list":{"0":"post-18982","1":"product","2":"type-product","3":"status-publish","4":"has-post-thumbnail","6":"product_cat-women","8":"first","9":"instock","10":"taxable","11":"shipping-taxable","12":"purchasable","13":"product-type-simple"},"jetpack_sharing_enabled":true,"_links":{"self":[{"href":"https:\/\/perfumehouse.net\/ar\/wp-json\/wp\/v2\/product\/18982","targetHints":{"allow":["GET"]}}],"collection":[{"href":"https:\/\/perfumehouse.net\/ar\/wp-json\/wp\/v2\/product"}],"about":[{"href":"https:\/\/perfumehouse.net\/ar\/wp-json\/wp\/v2\/types\/product"}],"replies":[{"embeddable":true,"href":"https:\/\/perfumehouse.net\/ar\/wp-json\/wp\/v2\/comments?post=18982"}],"version-history":[{"count":1,"href":"https:\/\/perfumehouse.net\/ar\/wp-json\/wp\/v2\/product\/18982\/revisions"}],"predecessor-version":[{"id":18985,"href":"https:\/\/perfumehouse.net\/ar\/wp-json\/wp\/v2\/product\/18982\/revisions\/18985"}],"wp:featuredmedia":[{"embeddable":true,"href":"https:\/\/perfumehouse.net\/ar\/wp-json\/wp\/v2\/media\/18984"}],"wp:attachment":[{"href":"https:\/\/perfumehouse.net\/ar\/wp-json\/wp\/v2\/media?parent=18982"}],"wp:term":[{"taxonomy":"product_brand","embeddable":true,"href":"https:\/\/perfumehouse.net\/ar\/wp-json\/wp\/v2\/product_brand?post=18982"},{"taxonomy":"product_cat","embeddable":true,"href":"https:\/\/perfumehouse.net\/ar\/wp-json\/wp\/v2\/product_cat?post=18982"},{"taxonomy":"product_tag","embeddable":true,"href":"https:\/\/perfumehouse.net\/ar\/wp-json\/wp\/v2\/product_tag?post=18982"}],"curies":[{"name":"wp","href":"https:\/\/api.w.org\/{rel}","templated":true}]}}