{"id":18902,"date":"2026-01-01T18:03:26","date_gmt":"2026-01-01T16:03:26","guid":{"rendered":"https:\/\/perfumehouse.net\/?post_type=product&#038;p=18902"},"modified":"2026-01-01T18:03:27","modified_gmt":"2026-01-01T16:03:27","slug":"kutay-uniquee-luxury","status":"publish","type":"product","link":"https:\/\/perfumehouse.net\/ar\/product\/kutay-uniquee-luxury\/","title":{"rendered":"Kutay Unique&#8217;e Luxury"},"content":{"rendered":"<p><strong>Kutay by Unique&#8217;e Luxury is a Amber Woody fragrance for women and men. Kutay was launched in 2019. The nose behind this fragrance is H\u00fcseyin Erdo\u011fmu\u015f. Top notes are Whiskey, Davana, Bergamot and Lemon; middle notes are Agarwood (Oud), Caramel and Cypriol Oil or Nagarmotha; base notes are Tobacco, Amber, Vanilla and Sandalwood.<\/strong><\/p>","protected":false},"excerpt":{"rendered":"<p>Kutay by Unique&#8217;e Luxury is a Amber Woody fragrance for women and men. Kutay was launched in 2019. The nose<\/p>","protected":false},"featured_media":18903,"comment_status":"open","ping_status":"closed","template":"","meta":[],"product_brand":[],"product_cat":[96],"product_tag":[],"class_list":{"0":"post-18902","1":"product","2":"type-product","3":"status-publish","4":"has-post-thumbnail","6":"product_cat-unisex","8":"first","9":"instock","10":"taxable","11":"shipping-taxable","12":"purchasable","13":"product-type-simple"},"jetpack_sharing_enabled":true,"_links":{"self":[{"href":"https:\/\/perfumehouse.net\/ar\/wp-json\/wp\/v2\/product\/18902","targetHints":{"allow":["GET"]}}],"collection":[{"href":"https:\/\/perfumehouse.net\/ar\/wp-json\/wp\/v2\/product"}],"about":[{"href":"https:\/\/perfumehouse.net\/ar\/wp-json\/wp\/v2\/types\/product"}],"replies":[{"embeddable":true,"href":"https:\/\/perfumehouse.net\/ar\/wp-json\/wp\/v2\/comments?post=18902"}],"version-history":[{"count":1,"href":"https:\/\/perfumehouse.net\/ar\/wp-json\/wp\/v2\/product\/18902\/revisions"}],"predecessor-version":[{"id":18904,"href":"https:\/\/perfumehouse.net\/ar\/wp-json\/wp\/v2\/product\/18902\/revisions\/18904"}],"wp:featuredmedia":[{"embeddable":true,"href":"https:\/\/perfumehouse.net\/ar\/wp-json\/wp\/v2\/media\/18903"}],"wp:attachment":[{"href":"https:\/\/perfumehouse.net\/ar\/wp-json\/wp\/v2\/media?parent=18902"}],"wp:term":[{"taxonomy":"product_brand","embeddable":true,"href":"https:\/\/perfumehouse.net\/ar\/wp-json\/wp\/v2\/product_brand?post=18902"},{"taxonomy":"product_cat","embeddable":true,"href":"https:\/\/perfumehouse.net\/ar\/wp-json\/wp\/v2\/product_cat?post=18902"},{"taxonomy":"product_tag","embeddable":true,"href":"https:\/\/perfumehouse.net\/ar\/wp-json\/wp\/v2\/product_tag?post=18902"}],"curies":[{"name":"wp","href":"https:\/\/api.w.org\/{rel}","templated":true}]}}