{"id":18895,"date":"2026-01-01T17:59:37","date_gmt":"2026-01-01T15:59:37","guid":{"rendered":"https:\/\/perfumehouse.net\/?post_type=product&#038;p=18895"},"modified":"2026-01-01T18:00:02","modified_gmt":"2026-01-01T16:00:02","slug":"mangonifiscent-uniquee-luxury","status":"publish","type":"product","link":"https:\/\/perfumehouse.net\/ar\/product\/mangonifiscent-uniquee-luxury\/","title":{"rendered":"Mangonifiscent Unique&#8217;e Luxury"},"content":{"rendered":"<p><strong>Mangonifiscent by Unique&#8217;e Luxury is a fragrance for women and men. This is a new fragrance. Mangonifiscent was launched in 2023. The nose behind this fragrance is G\u00f6khan \u015eim\u015fek. Top notes are Mango and Bergamot; middle notes are Rose, Geranium and Jasmine; base notes are Honey, Patchouli, Musk, Vanilla, Sandalwood, Amber and Moss.<\/strong><\/p>","protected":false},"excerpt":{"rendered":"<p>Mangonifiscent by Unique&#8217;e Luxury is a fragrance for women and men. This is a new fragrance. Mangonifiscent was launched in<\/p>","protected":false},"featured_media":18896,"comment_status":"open","ping_status":"closed","template":"","meta":[],"product_brand":[],"product_cat":[96],"product_tag":[],"class_list":{"0":"post-18895","1":"product","2":"type-product","3":"status-publish","4":"has-post-thumbnail","6":"product_cat-unisex","8":"first","9":"instock","10":"taxable","11":"shipping-taxable","12":"purchasable","13":"product-type-simple"},"jetpack_sharing_enabled":true,"_links":{"self":[{"href":"https:\/\/perfumehouse.net\/ar\/wp-json\/wp\/v2\/product\/18895","targetHints":{"allow":["GET"]}}],"collection":[{"href":"https:\/\/perfumehouse.net\/ar\/wp-json\/wp\/v2\/product"}],"about":[{"href":"https:\/\/perfumehouse.net\/ar\/wp-json\/wp\/v2\/types\/product"}],"replies":[{"embeddable":true,"href":"https:\/\/perfumehouse.net\/ar\/wp-json\/wp\/v2\/comments?post=18895"}],"version-history":[{"count":2,"href":"https:\/\/perfumehouse.net\/ar\/wp-json\/wp\/v2\/product\/18895\/revisions"}],"predecessor-version":[{"id":18898,"href":"https:\/\/perfumehouse.net\/ar\/wp-json\/wp\/v2\/product\/18895\/revisions\/18898"}],"wp:featuredmedia":[{"embeddable":true,"href":"https:\/\/perfumehouse.net\/ar\/wp-json\/wp\/v2\/media\/18896"}],"wp:attachment":[{"href":"https:\/\/perfumehouse.net\/ar\/wp-json\/wp\/v2\/media?parent=18895"}],"wp:term":[{"taxonomy":"product_brand","embeddable":true,"href":"https:\/\/perfumehouse.net\/ar\/wp-json\/wp\/v2\/product_brand?post=18895"},{"taxonomy":"product_cat","embeddable":true,"href":"https:\/\/perfumehouse.net\/ar\/wp-json\/wp\/v2\/product_cat?post=18895"},{"taxonomy":"product_tag","embeddable":true,"href":"https:\/\/perfumehouse.net\/ar\/wp-json\/wp\/v2\/product_tag?post=18895"}],"curies":[{"name":"wp","href":"https:\/\/api.w.org\/{rel}","templated":true}]}}