{"id":18889,"date":"2026-01-01T17:56:21","date_gmt":"2026-01-01T15:56:21","guid":{"rendered":"https:\/\/perfumehouse.net\/?post_type=product&#038;p=18889"},"modified":"2026-01-01T17:56:21","modified_gmt":"2026-01-01T15:56:21","slug":"mashumaro-uniquee-luxury","status":"publish","type":"product","link":"https:\/\/perfumehouse.net\/ar\/product\/mashumaro-uniquee-luxury\/","title":{"rendered":"Mashumaro Unique&#8217;e Luxury"},"content":{"rendered":"<p><strong>Mashumaro by Unique&#8217;e Luxury is a fragrance for women and men. This is a new fragrance. Mashumaro was launched in 2023. The nose behind this fragrance is G\u00f6khan \u015eim\u015fek.<\/strong><\/p>","protected":false},"excerpt":{"rendered":"<p>Mashumaro by Unique&#8217;e Luxury is a fragrance for women and men. This is a new fragrance. Mashumaro was launched in<\/p>","protected":false},"featured_media":18890,"comment_status":"open","ping_status":"closed","template":"","meta":[],"product_brand":[],"product_cat":[96],"product_tag":[],"class_list":{"0":"post-18889","1":"product","2":"type-product","3":"status-publish","4":"has-post-thumbnail","6":"product_cat-unisex","8":"first","9":"instock","10":"taxable","11":"shipping-taxable","12":"purchasable","13":"product-type-simple"},"jetpack_sharing_enabled":true,"_links":{"self":[{"href":"https:\/\/perfumehouse.net\/ar\/wp-json\/wp\/v2\/product\/18889","targetHints":{"allow":["GET"]}}],"collection":[{"href":"https:\/\/perfumehouse.net\/ar\/wp-json\/wp\/v2\/product"}],"about":[{"href":"https:\/\/perfumehouse.net\/ar\/wp-json\/wp\/v2\/types\/product"}],"replies":[{"embeddable":true,"href":"https:\/\/perfumehouse.net\/ar\/wp-json\/wp\/v2\/comments?post=18889"}],"version-history":[{"count":1,"href":"https:\/\/perfumehouse.net\/ar\/wp-json\/wp\/v2\/product\/18889\/revisions"}],"predecessor-version":[{"id":18891,"href":"https:\/\/perfumehouse.net\/ar\/wp-json\/wp\/v2\/product\/18889\/revisions\/18891"}],"wp:featuredmedia":[{"embeddable":true,"href":"https:\/\/perfumehouse.net\/ar\/wp-json\/wp\/v2\/media\/18890"}],"wp:attachment":[{"href":"https:\/\/perfumehouse.net\/ar\/wp-json\/wp\/v2\/media?parent=18889"}],"wp:term":[{"taxonomy":"product_brand","embeddable":true,"href":"https:\/\/perfumehouse.net\/ar\/wp-json\/wp\/v2\/product_brand?post=18889"},{"taxonomy":"product_cat","embeddable":true,"href":"https:\/\/perfumehouse.net\/ar\/wp-json\/wp\/v2\/product_cat?post=18889"},{"taxonomy":"product_tag","embeddable":true,"href":"https:\/\/perfumehouse.net\/ar\/wp-json\/wp\/v2\/product_tag?post=18889"}],"curies":[{"name":"wp","href":"https:\/\/api.w.org\/{rel}","templated":true}]}}