{"id":18880,"date":"2026-01-01T17:50:50","date_gmt":"2026-01-01T15:50:50","guid":{"rendered":"https:\/\/perfumehouse.net\/?post_type=product&#038;p=18880"},"modified":"2026-01-01T17:50:50","modified_gmt":"2026-01-01T15:50:50","slug":"beril-uniquee-luxury","status":"publish","type":"product","link":"https:\/\/perfumehouse.net\/ar\/product\/beril-uniquee-luxury\/","title":{"rendered":"Beril Unique&#8217;e Luxury"},"content":{"rendered":"<p><strong>Beril by Unique&#8217;e Luxury is a Amber fragrance for women and men. Beril was launched in 2019. The nose behind this fragrance is H\u00fcseyin Erdo\u011fmu\u015f. Top notes are Mandarin Orange, Pink Pepper, Lemon, Coriander and Cardamom; middle notes are Rose, Jasmine, Thyme, Nutmeg and Cinnamon; base notes are Musk, Patchouli, Amber and Vetiver.<\/strong><\/p>","protected":false},"excerpt":{"rendered":"<p>Beril by Unique&#8217;e Luxury is a Amber fragrance for women and men. Beril was launched in 2019. The nose behind<\/p>","protected":false},"featured_media":18881,"comment_status":"open","ping_status":"closed","template":"","meta":[],"product_brand":[],"product_cat":[96],"product_tag":[],"class_list":{"0":"post-18880","1":"product","2":"type-product","3":"status-publish","4":"has-post-thumbnail","6":"product_cat-unisex","8":"first","9":"instock","10":"taxable","11":"shipping-taxable","12":"purchasable","13":"product-type-simple"},"jetpack_sharing_enabled":true,"_links":{"self":[{"href":"https:\/\/perfumehouse.net\/ar\/wp-json\/wp\/v2\/product\/18880","targetHints":{"allow":["GET"]}}],"collection":[{"href":"https:\/\/perfumehouse.net\/ar\/wp-json\/wp\/v2\/product"}],"about":[{"href":"https:\/\/perfumehouse.net\/ar\/wp-json\/wp\/v2\/types\/product"}],"replies":[{"embeddable":true,"href":"https:\/\/perfumehouse.net\/ar\/wp-json\/wp\/v2\/comments?post=18880"}],"version-history":[{"count":1,"href":"https:\/\/perfumehouse.net\/ar\/wp-json\/wp\/v2\/product\/18880\/revisions"}],"predecessor-version":[{"id":18882,"href":"https:\/\/perfumehouse.net\/ar\/wp-json\/wp\/v2\/product\/18880\/revisions\/18882"}],"wp:featuredmedia":[{"embeddable":true,"href":"https:\/\/perfumehouse.net\/ar\/wp-json\/wp\/v2\/media\/18881"}],"wp:attachment":[{"href":"https:\/\/perfumehouse.net\/ar\/wp-json\/wp\/v2\/media?parent=18880"}],"wp:term":[{"taxonomy":"product_brand","embeddable":true,"href":"https:\/\/perfumehouse.net\/ar\/wp-json\/wp\/v2\/product_brand?post=18880"},{"taxonomy":"product_cat","embeddable":true,"href":"https:\/\/perfumehouse.net\/ar\/wp-json\/wp\/v2\/product_cat?post=18880"},{"taxonomy":"product_tag","embeddable":true,"href":"https:\/\/perfumehouse.net\/ar\/wp-json\/wp\/v2\/product_tag?post=18880"}],"curies":[{"name":"wp","href":"https:\/\/api.w.org\/{rel}","templated":true}]}}