{"id":18877,"date":"2026-01-01T17:48:41","date_gmt":"2026-01-01T15:48:41","guid":{"rendered":"https:\/\/perfumehouse.net\/?post_type=product&#038;p=18877"},"modified":"2026-01-01T17:48:41","modified_gmt":"2026-01-01T15:48:41","slug":"crush-on-me-uniquee-luxury","status":"publish","type":"product","link":"https:\/\/perfumehouse.net\/ar\/product\/crush-on-me-uniquee-luxury\/","title":{"rendered":"Crush On Me Unique&#8217;e Luxury"},"content":{"rendered":"<p><strong>Crush On Me by Unique&#8217;e Luxury is a fragrance for women and men. Crush On Me was launched in 2021. The nose behind this fragrance is G\u00f6khan \u015eim\u015fek. Top notes are Ginger and Lime; middle note is Floral Notes; base notes are Caramel and Patchouli.<\/strong><\/p>","protected":false},"excerpt":{"rendered":"<p>Crush On Me by Unique&#8217;e Luxury is a fragrance for women and men. Crush On Me was launched in 2021.<\/p>","protected":false},"featured_media":18878,"comment_status":"open","ping_status":"closed","template":"","meta":[],"product_brand":[],"product_cat":[96],"product_tag":[],"class_list":{"0":"post-18877","1":"product","2":"type-product","3":"status-publish","4":"has-post-thumbnail","6":"product_cat-unisex","8":"first","9":"instock","10":"taxable","11":"shipping-taxable","12":"purchasable","13":"product-type-simple"},"jetpack_sharing_enabled":true,"_links":{"self":[{"href":"https:\/\/perfumehouse.net\/ar\/wp-json\/wp\/v2\/product\/18877","targetHints":{"allow":["GET"]}}],"collection":[{"href":"https:\/\/perfumehouse.net\/ar\/wp-json\/wp\/v2\/product"}],"about":[{"href":"https:\/\/perfumehouse.net\/ar\/wp-json\/wp\/v2\/types\/product"}],"replies":[{"embeddable":true,"href":"https:\/\/perfumehouse.net\/ar\/wp-json\/wp\/v2\/comments?post=18877"}],"version-history":[{"count":1,"href":"https:\/\/perfumehouse.net\/ar\/wp-json\/wp\/v2\/product\/18877\/revisions"}],"predecessor-version":[{"id":18879,"href":"https:\/\/perfumehouse.net\/ar\/wp-json\/wp\/v2\/product\/18877\/revisions\/18879"}],"wp:featuredmedia":[{"embeddable":true,"href":"https:\/\/perfumehouse.net\/ar\/wp-json\/wp\/v2\/media\/18878"}],"wp:attachment":[{"href":"https:\/\/perfumehouse.net\/ar\/wp-json\/wp\/v2\/media?parent=18877"}],"wp:term":[{"taxonomy":"product_brand","embeddable":true,"href":"https:\/\/perfumehouse.net\/ar\/wp-json\/wp\/v2\/product_brand?post=18877"},{"taxonomy":"product_cat","embeddable":true,"href":"https:\/\/perfumehouse.net\/ar\/wp-json\/wp\/v2\/product_cat?post=18877"},{"taxonomy":"product_tag","embeddable":true,"href":"https:\/\/perfumehouse.net\/ar\/wp-json\/wp\/v2\/product_tag?post=18877"}],"curies":[{"name":"wp","href":"https:\/\/api.w.org\/{rel}","templated":true}]}}